{"id":657,"date":"2020-12-30T13:46:17","date_gmt":"2020-12-30T13:46:17","guid":{"rendered":"http:\/\/test.uiscanada.com\/privacy-policy-copy\/"},"modified":"2024-08-04T09:09:37","modified_gmt":"2024-08-04T09:09:37","slug":"politique-de-confidentialite","status":"publish","type":"page","link":"https:\/\/www.uiscanada.com\/fr\/politique-de-confidentialite\/","title":{"rendered":"Politique de confidentialit\u00e9"},"content":{"rendered":"<p>Nous nous engageons \u00e0 prot\u00e9ger vos informations personnelles et votre droit \u00e0 la vie priv\u00e9e. Si vous avez des questions ou des pr\u00e9occupations concernant notre politique ou nos pratiques concernant vos informations personnelles, veuillez nous contacter \u00e0 support@uiscanada.com<\/p>\n<p>Lorsque vous visitez notre site Web et utilisez nos services, vous nous confiez vos informations personnelles. Nous prenons votre vie priv\u00e9e tr\u00e8s au s\u00e9rieux. Dans cette d\u00e9claration de confidentialit\u00e9, nous d\u00e9crivons notre Politique de confidentialit\u00e9.<\/p>\n<p>Nous souhaitons vous expliquer de la mani\u00e8re la plus claire possible quelles informations nous collectons, comment nous les utilisons et quels droits vous avez \u00e0 cet \u00e9gard.<\/p>\n<p>Cette Politique de confidentialit\u00e9 s\u2019applique \u00e0 toutes les informations collect\u00e9es via notre site Web et \/ ou tout service associ\u00e9.<\/p>\n<p><strong>1 \u2013 QUELLES INFORMATIONS COLLECTONS-NOUS ?<\/strong><\/p>\n<h2>1.1.\tLes informations personnelles que vous nous divulguez :<\/h2>\n<p>\n         1.1.1.\tNom et coordonn\u00e9es : nom complet, adresse de courriel, num\u00e9ro de t\u00e9l\u00e9phone.\n        <\/p>\n<p>\n            1.1.2. Donn\u00e9es pour l\u2019\u00e9valuation : (a) informations personnelles : nom complet, sexe, adresse de courriel, num\u00e9ro de t\u00e9l\u00e9phone, adresse compl\u00e8te, date de naissance, statut matrimonial, nombre de personnes \u00e0 charge, informations sur les casiers judiciaires ou probl\u00e8mes de sant\u00e9 graves ; (b) \u00e9ducation et formation : informations sur le niveau d\u2019\u00e9ducation le plus \u00e9lev\u00e9, y compris la dur\u00e9e du programme, le domaine \u00e9tudi\u00e9 et le pays des \u00e9tudes ; (c) exp\u00e9rience de travail : votre exp\u00e9rience de travail au cours des 10 derni\u00e8res ann\u00e9es, y compris la description du poste, les dates de d\u00e9but et de fin, le nombre d\u2019heures travaill\u00e9es par semaine. Si vous \u00eates propri\u00e9taire d\u2019une entreprise : description des activit\u00e9s, date de d\u00e9but de l\u2019activit\u00e9, nombre d\u2019employ\u00e9s ; (d) informations financi\u00e8res : capital net estim\u00e9, liquidit\u00e9s estim\u00e9es ; (e) comp\u00e9tences linguistiques : niveau d\u2019anglais, niveau de fran\u00e7ais ; (f) renseignements sur la capacit\u00e9 d\u2019adaptation : si vous avez un membre de votre famille vivant au Canada ou non.\n        <\/p>\n<p>\n          1.1.3. Informations de paiement : nous collectons les donn\u00e9es n\u00e9cessaires au traitement de votre paiement si vous effectuez des achats, telles que votre num\u00e9ro d\u2019instrument de paiement (tel qu\u2019un num\u00e9ro de carte de cr\u00e9dit) et le code de s\u00e9curit\u00e9 associ\u00e9 \u00e0 votre instrument de paiement. Les informations compl\u00e8tes de votre mode de paiement ne sont pas conserv\u00e9es dans nos syst\u00e8mes, \u00e0 l\u2019exception de : nom imprim\u00e9 sur la carte, 6 premiers chiffres, 4 derniers chiffres et date d\u2019expiration. Toutes les transactions sont effectu\u00e9es \u00e0 l\u2019aide du syst\u00e8me de cryptage ultime SSL\u00ae \u2013 Secure Sockets Layer.\n        <\/p>\n<p>\n            1.1.4. Pi\u00e8ces justificatives : toute pi\u00e8ce justificative que vous nous envoyez volontairement.<br \/>\n            Toutes les informations personnelles que vous nous fournissez doivent \u00eatre vraies, compl\u00e8tes et exactes, et vous devez nous informer de toute modification de ces informations personnelles.\n        <\/p>\n<p>1.2.\tInformations collect\u00e9es automatiquement :<\/p>\n<p>\n            Nous collectons automatiquement certaines informations lorsque vous visitez, utilisez ou naviguez sur notre site Web. Ces informations ne r\u00e9v\u00e8lent pas votre identit\u00e9 sp\u00e9cifique (comme votre nom ou vos coordonn\u00e9es), mais elles peuvent inclure des informations sur l\u2019appareil et son utilisation, telles que votre adresse IP, le navigateur et les caract\u00e9ristiques de l\u2019appareil, le syst\u00e8me d\u2019exploitation, les pr\u00e9f\u00e9rences linguistiques, les URL de r\u00e9f\u00e9rence, le nom de l\u2019appareil, le pays, l\u2019emplacement , des informations sur comment et quand vous utilisez notre site Web. Ces informations sont principalement n\u00e9cessaires pour maintenir la s\u00e9curit\u00e9 et le fonctionnement de notre site Web, ainsi que pour nos analyses internes et nos rapports.\n        <\/p>\n<p>&nbsp;<\/p>\n<p><strong>2 &#8211; COMMENT UTILISONS-NOUS VOS INFORMATIONS ?<\/strong><\/p>\n<p>1.1.\tNous traitons vos informations en nous basant sur des int\u00e9r\u00eats commerciaux l\u00e9gitimes, l\u2019ex\u00e9cution de notre contrat avec vous, le respect de nos obligations l\u00e9gales et \/ ou votre consentement.<\/p>\n<p>Nous utilisons les informations que nous collectons ou recevons uniquement aux fins suivantes : (a) pour ex\u00e9cuter et g\u00e9rer vos commandes ; (b) aux fins de communications marketing et promotionnelles ; (c) pour vous envoyer des informations administratives ; (d) pour publier des t\u00e9moignages avec votre consentement pr\u00e9alable. Avant de publier un t\u00e9moignage, nous demanderons votre consentement pour utiliser votre nom et votre t\u00e9moignage ; (e) pour demander des commentaires ; (f) pour appliquer nos dispositions, conditions et politiques ; et (g) pour r\u00e9pondre aux demandes l\u00e9gales et pr\u00e9venir les pr\u00e9judices.<\/p>\n<p>2.1 \u2013 We process your information for purposes based on legitimate business interests, the fulfillment of our contract with you, compliance with our legal obligations, and\/or your consent.<\/p>\n<p>2.2 \u2013 We use the information we collect or receive for the following purposes only:&nbsp;(a) To fulfill and manage your orders; (b) Marketing and promotional communications; (c) To send administrative information to you; (d) To post testimonials with your prior consent. Prior to posting a testimonial, we will obtain your consent to use your name and testimonial; (e) Request Feedback; (f) To enforce our terms, conditions and policies; (g) To respond to legal requests and prevent harm.<\/p>\n<p>&nbsp;<\/p>\n<p><strong>3 &#8211; VOS INFORMATIONS SERONT-ELLES PARTAG\u00c9ES AVEC UN TIERS ?<\/strong><\/p>\n<p>3.1.\tNous partageons et divulguons vos informations uniquement dans les situations suivantes : (a) conformit\u00e9 avec la loi : nous pouvons divulguer vos informations lorsque nous sommes l\u00e9galement tenus de le faire afin de nous conformer \u00e0 la loi applicable, aux demandes gouvernementales, une proc\u00e9dure judiciaire, une d\u00e9cision de justice ou une proc\u00e9dure l\u00e9gale, par exemple en r\u00e9ponse \u00e0 une ordonnance du tribunal ou \u00e0 une assignation (y compris en r\u00e9ponse aux autorit\u00e9s publiques pour r\u00e9pondre aux exigences de s\u00e9curit\u00e9 nationale ou d\u2019application de la loi ; (b) int\u00e9r\u00eats vitaux et droits l\u00e9gaux : nous pouvons divulguer vos informations lorsque nous pensons qu\u2019il est n\u00e9cessaire d\u2019enqu\u00eater, de pr\u00e9venir ou de prendre des mesures concernant des violations potentielles de nos politiques, des soup\u00e7ons de fraude, des situations impliquant des menaces potentielles pour la s\u00e9curit\u00e9 de toute personne et des activit\u00e9s ill\u00e9gales, ou comme preuve dans un litige dans lequel nous sommes impliqu\u00e9s ; (c) transferts de l\u2019activit\u00e9 : nous pouvons partager ou transf\u00e9rer vos informations dans le cadre de, ou pendant les n\u00e9gociations de, toute fusion, vente d\u2019actifs de la soci\u00e9t\u00e9, financement ou acquisition de tout ou partie de notre soci\u00e9t\u00e9 par une autre soci\u00e9t\u00e9.<\/p>\n<p>3.2.\tNous pouvons \u00e9galement partager vos informations dans ces situations sp\u00e9cifiques : prestataires de services tiers, sous-traitants ou agents qui fournissent des services pour nous ou en notre nom et qui ont besoin d\u2019acc\u00e9der \u00e0 ces informations pour effectuer ce travail. Des exemples incluent : le traitement des paiements, l\u2019analyse des donn\u00e9es, la livraison par courriel, les services d\u2019h\u00e9bergement, le service client et les activit\u00e9s de marketing. Nous ne partageons, vendons, louons ou n\u2019\u00e9changeons aucune de vos informations avec des tiers \u00e0 des fins promotionnelles.<\/p>\n<p>&nbsp;<\/p>\n<p><strong>4 \u2013 PENDANT COMBIEN DE TEMPS CONSERVONS-NOUS VOS INFORMATIONS ?<\/strong><\/p>\n<p>Nous ne conserverons vos informations personnelles que le temps n\u00e9cessaire aux fins \u00e9nonc\u00e9es dans la pr\u00e9sente Politique de confidentialit\u00e9, \u00e0 moins qu\u2019une p\u00e9riode de conservation plus longue ne soit requise ou autoris\u00e9e par la loi (comme les exigences fiscales, comptables ou d\u2019autres exigences l\u00e9gales). Lorsque nous n\u2019avons aucun besoin commercial l\u00e9gitime de traiter vos informations personnelles, nous les supprimerons ou nous les anonymiserons.<\/p>\n<p>&nbsp;<\/p>\n<p><strong>5 \u2013 COMMENT GARDONS-NOUS VOS INFORMATIONS EN S\u00c9CURIT\u00c9 ?<\/strong><\/p>\n<p>Nous avons mis en place des mesures de s\u00e9curit\u00e9 techniques et organisationnelles appropri\u00e9es con\u00e7ues pour prot\u00e9ger la s\u00e9curit\u00e9 de toutes les informations personnelles que nous g\u00e9rons et traitons.<\/p>\n<p>&nbsp;<\/p>\n<p><strong>6 \u2013 QUELS SONT VOS DROITS \u00c0 LA CONFIDENTIALIT\u00c9 ?<\/strong><\/p>\n<p>Vous disposez de certains droits en vertu des lois applicables en mati\u00e8re de protection des donn\u00e9es. Ceux-ci peuvent inclure le droit (a) de demander l\u2019acc\u00e8s et d\u2019obtenir une copie de vos informations personnelles ; (b) de demander une rectification ; (c) de restreindre le traitement de vos informations personnelles. Dans certaines circonstances, vous avez \u00e9galement le droit de vous opposer au traitement de vos informations personnelles. Pour faire une telle demande, veuillez nous contacter \u00e0 support@uiscanada.com. Nous examinerons et agirons pour toute demande conform\u00e9ment aux lois applicables en mati\u00e8re de protection des donn\u00e9es.<\/p>\n<p>&nbsp;<\/p>\n<p><strong>7 \u2013 COMMENT POUVEZ-VOUS NOUS CONTACTER AU SUJET DE CETTE POLITIQUE ?<\/strong><\/p>\n<p>Si vous avez des questions ou des commentaires sur cette Politique, contactez-nous par courriel \u00e0 support@uiscanada.com<\/p>\n","protected":false},"excerpt":{"rendered":"<p>Nous nous engageons \u00e0 prot\u00e9ger vos informations personnelles et votre droit \u00e0 la vie priv\u00e9e.&nbsp;&hellip;<\/p>\n","protected":false},"author":2,"featured_media":0,"parent":0,"menu_order":0,"comment_status":"closed","ping_status":"closed","template":"page-plain.php","meta":{"_acf_changed":false,"footnotes":""},"class_list":["post-657","page","type-page","status-publish","hentry"],"acf":[],"yoast_head":"<!-- This site is optimized with the Yoast SEO plugin v27.3 - https:\/\/yoast.com\/product\/yoast-seo-wordpress\/ -->\n<title>Politique de confidentialit\u00e9 - UIS Canada<\/title>\n<meta name=\"robots\" content=\"index, follow, max-snippet:-1, max-image-preview:large, max-video-preview:-1\" \/>\n<link rel=\"canonical\" href=\"https:\/\/www.uiscanada.com\/fr\/politique-de-confidentialite\/\" \/>\n<meta property=\"og:locale\" content=\"fr_FR\" \/>\n<meta property=\"og:type\" content=\"article\" \/>\n<meta property=\"og:title\" content=\"Politique de confidentialit\u00e9 - UIS Canada\" \/>\n<meta property=\"og:description\" content=\"Nous nous engageons \u00e0 prot\u00e9ger vos informations personnelles et votre droit \u00e0 la vie priv\u00e9e.&nbsp;&hellip;\" \/>\n<meta property=\"og:url\" content=\"https:\/\/www.uiscanada.com\/fr\/politique-de-confidentialite\/\" \/>\n<meta property=\"og:site_name\" content=\"UIS Canada\" \/>\n<meta property=\"article:modified_time\" content=\"2024-08-04T09:09:37+00:00\" \/>\n<meta name=\"twitter:card\" content=\"summary_large_image\" \/>\n<meta name=\"twitter:label1\" content=\"Dur\u00e9e de lecture estim\u00e9e\" \/>\n\t<meta name=\"twitter:data1\" content=\"6 minutes\" \/>\n<script type=\"application\/ld+json\" class=\"yoast-schema-graph\">{\"@context\":\"https:\\\/\\\/schema.org\",\"@graph\":[{\"@type\":\"WebPage\",\"@id\":\"https:\\\/\\\/www.uiscanada.com\\\/fr\\\/politique-de-confidentialite\\\/\",\"url\":\"https:\\\/\\\/www.uiscanada.com\\\/fr\\\/politique-de-confidentialite\\\/\",\"name\":\"Politique de confidentialit\u00e9 - UIS Canada\",\"isPartOf\":{\"@id\":\"https:\\\/\\\/www.uiscanada.com\\\/fr\\\/#website\"},\"datePublished\":\"2020-12-30T13:46:17+00:00\",\"dateModified\":\"2024-08-04T09:09:37+00:00\",\"breadcrumb\":{\"@id\":\"https:\\\/\\\/www.uiscanada.com\\\/fr\\\/politique-de-confidentialite\\\/#breadcrumb\"},\"inLanguage\":\"fr-FR\",\"potentialAction\":[{\"@type\":\"ReadAction\",\"target\":[\"https:\\\/\\\/www.uiscanada.com\\\/fr\\\/politique-de-confidentialite\\\/\"]}]},{\"@type\":\"BreadcrumbList\",\"@id\":\"https:\\\/\\\/www.uiscanada.com\\\/fr\\\/politique-de-confidentialite\\\/#breadcrumb\",\"itemListElement\":[{\"@type\":\"ListItem\",\"position\":1,\"name\":\"Home\",\"item\":\"https:\\\/\\\/www.uiscanada.com\\\/fr\\\/\"},{\"@type\":\"ListItem\",\"position\":2,\"name\":\"Politique de confidentialit\u00e9\"}]},{\"@type\":\"WebSite\",\"@id\":\"https:\\\/\\\/www.uiscanada.com\\\/fr\\\/#website\",\"url\":\"https:\\\/\\\/www.uiscanada.com\\\/fr\\\/\",\"name\":\"UIS Canada\",\"description\":\"UIS Canada\",\"publisher\":{\"@id\":\"https:\\\/\\\/www.uiscanada.com\\\/fr\\\/#organization\"},\"potentialAction\":[{\"@type\":\"SearchAction\",\"target\":{\"@type\":\"EntryPoint\",\"urlTemplate\":\"https:\\\/\\\/www.uiscanada.com\\\/fr\\\/?s={search_term_string}\"},\"query-input\":{\"@type\":\"PropertyValueSpecification\",\"valueRequired\":true,\"valueName\":\"search_term_string\"}}],\"inLanguage\":\"fr-FR\"},{\"@type\":\"Organization\",\"@id\":\"https:\\\/\\\/www.uiscanada.com\\\/fr\\\/#organization\",\"name\":\"UIS Canada\",\"url\":\"https:\\\/\\\/www.uiscanada.com\\\/fr\\\/\",\"logo\":{\"@type\":\"ImageObject\",\"inLanguage\":\"fr-FR\",\"@id\":\"https:\\\/\\\/www.uiscanada.com\\\/fr\\\/#\\\/schema\\\/logo\\\/image\\\/\",\"url\":\"https:\\\/\\\/www.uiscanada.com\\\/wp-content\\\/uploads\\\/2024\\\/07\\\/logo.svg\",\"contentUrl\":\"https:\\\/\\\/www.uiscanada.com\\\/wp-content\\\/uploads\\\/2024\\\/07\\\/logo.svg\",\"caption\":\"UIS Canada\"},\"image\":{\"@id\":\"https:\\\/\\\/www.uiscanada.com\\\/fr\\\/#\\\/schema\\\/logo\\\/image\\\/\"}}]}<\/script>\n<!-- \/ Yoast SEO plugin. -->","yoast_head_json":{"title":"Politique de confidentialit\u00e9 - UIS Canada","robots":{"index":"index","follow":"follow","max-snippet":"max-snippet:-1","max-image-preview":"max-image-preview:large","max-video-preview":"max-video-preview:-1"},"canonical":"https:\/\/www.uiscanada.com\/fr\/politique-de-confidentialite\/","og_locale":"fr_FR","og_type":"article","og_title":"Politique de confidentialit\u00e9 - UIS Canada","og_description":"Nous nous engageons \u00e0 prot\u00e9ger vos informations personnelles et votre droit \u00e0 la vie priv\u00e9e.&nbsp;&hellip;","og_url":"https:\/\/www.uiscanada.com\/fr\/politique-de-confidentialite\/","og_site_name":"UIS Canada","article_modified_time":"2024-08-04T09:09:37+00:00","twitter_card":"summary_large_image","twitter_misc":{"Dur\u00e9e de lecture estim\u00e9e":"6 minutes"},"schema":{"@context":"https:\/\/schema.org","@graph":[{"@type":"WebPage","@id":"https:\/\/www.uiscanada.com\/fr\/politique-de-confidentialite\/","url":"https:\/\/www.uiscanada.com\/fr\/politique-de-confidentialite\/","name":"Politique de confidentialit\u00e9 - UIS Canada","isPartOf":{"@id":"https:\/\/www.uiscanada.com\/fr\/#website"},"datePublished":"2020-12-30T13:46:17+00:00","dateModified":"2024-08-04T09:09:37+00:00","breadcrumb":{"@id":"https:\/\/www.uiscanada.com\/fr\/politique-de-confidentialite\/#breadcrumb"},"inLanguage":"fr-FR","potentialAction":[{"@type":"ReadAction","target":["https:\/\/www.uiscanada.com\/fr\/politique-de-confidentialite\/"]}]},{"@type":"BreadcrumbList","@id":"https:\/\/www.uiscanada.com\/fr\/politique-de-confidentialite\/#breadcrumb","itemListElement":[{"@type":"ListItem","position":1,"name":"Home","item":"https:\/\/www.uiscanada.com\/fr\/"},{"@type":"ListItem","position":2,"name":"Politique de confidentialit\u00e9"}]},{"@type":"WebSite","@id":"https:\/\/www.uiscanada.com\/fr\/#website","url":"https:\/\/www.uiscanada.com\/fr\/","name":"UIS Canada","description":"UIS Canada","publisher":{"@id":"https:\/\/www.uiscanada.com\/fr\/#organization"},"potentialAction":[{"@type":"SearchAction","target":{"@type":"EntryPoint","urlTemplate":"https:\/\/www.uiscanada.com\/fr\/?s={search_term_string}"},"query-input":{"@type":"PropertyValueSpecification","valueRequired":true,"valueName":"search_term_string"}}],"inLanguage":"fr-FR"},{"@type":"Organization","@id":"https:\/\/www.uiscanada.com\/fr\/#organization","name":"UIS Canada","url":"https:\/\/www.uiscanada.com\/fr\/","logo":{"@type":"ImageObject","inLanguage":"fr-FR","@id":"https:\/\/www.uiscanada.com\/fr\/#\/schema\/logo\/image\/","url":"https:\/\/www.uiscanada.com\/wp-content\/uploads\/2024\/07\/logo.svg","contentUrl":"https:\/\/www.uiscanada.com\/wp-content\/uploads\/2024\/07\/logo.svg","caption":"UIS Canada"},"image":{"@id":"https:\/\/www.uiscanada.com\/fr\/#\/schema\/logo\/image\/"}}]}},"_links":{"self":[{"href":"https:\/\/www.uiscanada.com\/fr\/wp-json\/wp\/v2\/pages\/657","targetHints":{"allow":["GET"]}}],"collection":[{"href":"https:\/\/www.uiscanada.com\/fr\/wp-json\/wp\/v2\/pages"}],"about":[{"href":"https:\/\/www.uiscanada.com\/fr\/wp-json\/wp\/v2\/types\/page"}],"author":[{"embeddable":true,"href":"https:\/\/www.uiscanada.com\/fr\/wp-json\/wp\/v2\/users\/2"}],"replies":[{"embeddable":true,"href":"https:\/\/www.uiscanada.com\/fr\/wp-json\/wp\/v2\/comments?post=657"}],"version-history":[{"count":8,"href":"https:\/\/www.uiscanada.com\/fr\/wp-json\/wp\/v2\/pages\/657\/revisions"}],"predecessor-version":[{"id":667,"href":"https:\/\/www.uiscanada.com\/fr\/wp-json\/wp\/v2\/pages\/657\/revisions\/667"}],"wp:attachment":[{"href":"https:\/\/www.uiscanada.com\/fr\/wp-json\/wp\/v2\/media?parent=657"}],"curies":[{"name":"wp","href":"https:\/\/api.w.org\/{rel}","templated":true}]}}