{"id":1128,"date":"2021-01-17T11:38:51","date_gmt":"2021-01-17T11:38:51","guid":{"rendered":"https:\/\/www.uiscanada.com\/?page_id=1128"},"modified":"2024-08-04T08:54:39","modified_gmt":"2024-08-04T08:54:39","slug":"quest-ce-quun-rcic","status":"publish","type":"page","link":"https:\/\/www.uiscanada.com\/fr\/quest-ce-quun-rcic\/","title":{"rendered":"Qu&rsquo;est-ce qu&rsquo;un RCIC?"},"content":{"rendered":"<p>Un consultant en immigration canadienne r\u00e9glement\u00e9 (ou RCIC, pour faire court) est un expert de tous les aspects du traitement des visas avec l&rsquo;IRCC. Un RCIC doit avoir une licence de classe RCIC-IRB pour \u00eatre qualifi\u00e9 aux yeux de la Commission de l&rsquo;immigration et du statut de r\u00e9fugi\u00e9 du Canada.<\/p>\n<p>Que vous souhaitiez poursuivre vos \u00e9tudes acad\u00e9miques ou votre carri\u00e8re dans le Grand Nord Blanc, trouver une agence qui collabore avec un RCIC devrait \u00eatre l&rsquo;une de vos premi\u00e8res priorit\u00e9s.<\/p>\n<p>Lors d&rsquo;une consultation avec un RCIC, le professionnel vous expliquera ce \u00e0 quoi vous pouvez vous attendre du processus d&rsquo;immigration, vous aidera \u00e0 choisir le programme qui vous convient et vous guidera tout au long du processus ou de l&rsquo;audience d&rsquo;immigration. Certains, mais pas tous, les RCIC soumettront votre demande et communiqueront avec les organismes gouvernementaux canadiens concern\u00e9s pour vous.<\/p>\n<p><img decoding=\"async\" class=\"alignnone wp-image-85509\" src=\"https:\/\/www.uiscanada.com\/wp-content\/uploads\/2024\/07\/image-39.png\" alt=\"\" width=\"353\" height=\"200\" srcset=\"https:\/\/www.uiscanada.com\/wp-content\/uploads\/2024\/07\/image-39.png 531w, https:\/\/www.uiscanada.com\/wp-content\/uploads\/2024\/07\/image-39-300x170.png 300w\" sizes=\"(max-width: 353px) 100vw, 353px\" \/><\/p>\n<h4>Les exigences pour un RCIC<\/h4>\n<p>Un consultant en immigration canadienne r\u00e9glement\u00e9 et qualifi\u00e9 doit r\u00e9pondre \u00e0 certaines exigences pour \u00eatre qualifi\u00e9 pour ce r\u00f4le, avec certains cours et \u00e9valuations devant \u00eatre r\u00e9p\u00e9t\u00e9s chaque ann\u00e9e.<\/p>\n<ul>\n<li>Un programme de dipl\u00f4me d\u00e9livr\u00e9 par l&rsquo;Universit\u00e9 Queen&rsquo;s ou l&rsquo;Universit\u00e9 de Montr\u00e9al ou avoir termin\u00e9 l&rsquo;ancien programme de praticien de l&rsquo;immigration (IPP) avant le 31 d\u00e9cembre 2022.<\/li>\n<li>Une note de passage \u00e0 l&rsquo;examen d&rsquo;entr\u00e9e en pratique (RCIC EPE)<\/li>\n<li>Maintenir une assurance de responsabilit\u00e9 professionnelle annuelle<\/li>\n<li>Compl\u00e9ter des cours de gestion de la pratique (PME)<\/li>\n<li>Compl\u00e9ter 16 heures de d\u00e9veloppement professionnel continu (DPC) chaque ann\u00e9e<\/li>\n<li>Un processus d&rsquo;\u00e9valuation bas\u00e9 sur les comp\u00e9tences<\/li>\n<li>Conformit\u00e9 au Code de d\u00e9ontologie professionnelle<\/li>\n<\/ul>\n<p>Pour vous assurer de recevoir l&rsquo;assistance dont vous avez besoin de la part d&rsquo;un professionnel agr\u00e9\u00e9, ne travaillez qu&rsquo;avec de vrais RCIC qui r\u00e9pondent \u00e0 chacun des crit\u00e8res ci-dessus.<\/p>\n<p><img decoding=\"async\" class=\"alignnone wp-image-85505\" src=\"https:\/\/www.uiscanada.com\/wp-content\/uploads\/2024\/07\/image-38.png\" alt=\"\" width=\"715\" height=\"279\" srcset=\"https:\/\/www.uiscanada.com\/wp-content\/uploads\/2024\/07\/image-38.png 1073w, https:\/\/www.uiscanada.com\/wp-content\/uploads\/2024\/07\/image-38-300x117.png 300w, https:\/\/www.uiscanada.com\/wp-content\/uploads\/2024\/07\/image-38-1024x399.png 1024w, https:\/\/www.uiscanada.com\/wp-content\/uploads\/2024\/07\/image-38-768x299.png 768w, https:\/\/www.uiscanada.com\/wp-content\/uploads\/2024\/07\/image-38-600x234.png 600w\" sizes=\"(max-width: 715px) 100vw, 715px\" \/><\/p>\n<h4>Pourquoi travailler avec nous<\/h4>\n<p>Chez UIS Canada, nous travaillons avec une \u00e9quipe externe de RCIC que nous avons s\u00e9lectionn\u00e9e. Nous nous effor\u00e7ons de fournir \u00e0 nos clients la meilleure exp\u00e9rience possible, donc collaborer avec les bonnes personnes est indispensable. Chaque RCIC avec lequel nous travaillons est une personne hautement qualifi\u00e9e et bien form\u00e9e, qui conna\u00eet les r\u00e9glementations et directives changeantes de l&rsquo;IRCC \u00e0 tout moment.<\/p>\n<p>En vous associant avec nous, vous pouvez \u00eatre assur\u00e9 que votre dossier est entre de bonnes mains et que vous avez les meilleures chances de voir votre demande approuv\u00e9e par les autorit\u00e9s canadiennes.<\/p>\n","protected":false},"excerpt":{"rendered":"<p>Un consultant en immigration canadienne r\u00e9glement\u00e9 (ou RCIC, pour faire court) est un expert de&nbsp;&hellip;<\/p>\n","protected":false},"author":2,"featured_media":89673,"parent":0,"menu_order":0,"comment_status":"closed","ping_status":"closed","template":"","meta":{"_acf_changed":false,"footnotes":""},"class_list":["post-1128","page","type-page","status-publish","has-post-thumbnail","hentry"],"acf":[],"yoast_head":"<!-- This site is optimized with the Yoast SEO plugin v27.6 - https:\/\/yoast.com\/product\/yoast-seo-wordpress\/ -->\n<title>Qu&#039;est-ce qu&#039;un RCIC? - UIS Canada<\/title>\n<meta name=\"robots\" content=\"index, follow, max-snippet:-1, max-image-preview:large, max-video-preview:-1\" \/>\n<link rel=\"canonical\" href=\"https:\/\/www.uiscanada.com\/fr\/quest-ce-quun-rcic\/\" \/>\n<meta property=\"og:locale\" content=\"fr_FR\" \/>\n<meta property=\"og:type\" content=\"article\" \/>\n<meta property=\"og:title\" content=\"Qu&#039;est-ce qu&#039;un RCIC? - UIS Canada\" \/>\n<meta property=\"og:description\" content=\"Un consultant en immigration canadienne r\u00e9glement\u00e9 (ou RCIC, pour faire court) est un expert de&nbsp;&hellip;\" \/>\n<meta property=\"og:url\" content=\"https:\/\/www.uiscanada.com\/fr\/quest-ce-quun-rcic\/\" \/>\n<meta property=\"og:site_name\" content=\"UIS Canada\" \/>\n<meta property=\"article:modified_time\" content=\"2024-08-04T08:54:39+00:00\" \/>\n<meta property=\"og:image\" content=\"https:\/\/www.uiscanada.com\/wp-content\/uploads\/2024\/08\/rcic.jfif\" \/>\n\t<meta property=\"og:image:width\" content=\"2340\" \/>\n\t<meta property=\"og:image:height\" content=\"1560\" \/>\n\t<meta property=\"og:image:type\" content=\"image\/jpeg\" \/>\n<meta name=\"twitter:card\" content=\"summary_large_image\" \/>\n<meta name=\"twitter:label1\" content=\"Dur\u00e9e de lecture estim\u00e9e\" \/>\n\t<meta name=\"twitter:data1\" content=\"3 minutes\" \/>\n<script type=\"application\/ld+json\" class=\"yoast-schema-graph\">{\"@context\":\"https:\\\/\\\/schema.org\",\"@graph\":[{\"@type\":\"WebPage\",\"@id\":\"https:\\\/\\\/www.uiscanada.com\\\/fr\\\/quest-ce-quun-rcic\\\/\",\"url\":\"https:\\\/\\\/www.uiscanada.com\\\/fr\\\/quest-ce-quun-rcic\\\/\",\"name\":\"Qu'est-ce qu'un RCIC? - UIS Canada\",\"isPartOf\":{\"@id\":\"https:\\\/\\\/www.uiscanada.com\\\/fr\\\/#website\"},\"primaryImageOfPage\":{\"@id\":\"https:\\\/\\\/www.uiscanada.com\\\/fr\\\/quest-ce-quun-rcic\\\/#primaryimage\"},\"image\":{\"@id\":\"https:\\\/\\\/www.uiscanada.com\\\/fr\\\/quest-ce-quun-rcic\\\/#primaryimage\"},\"thumbnailUrl\":\"https:\\\/\\\/www.uiscanada.com\\\/wp-content\\\/uploads\\\/2024\\\/08\\\/rcic.jfif\",\"datePublished\":\"2021-01-17T11:38:51+00:00\",\"dateModified\":\"2024-08-04T08:54:39+00:00\",\"breadcrumb\":{\"@id\":\"https:\\\/\\\/www.uiscanada.com\\\/fr\\\/quest-ce-quun-rcic\\\/#breadcrumb\"},\"inLanguage\":\"fr-FR\",\"potentialAction\":[{\"@type\":\"ReadAction\",\"target\":[\"https:\\\/\\\/www.uiscanada.com\\\/fr\\\/quest-ce-quun-rcic\\\/\"]}]},{\"@type\":\"ImageObject\",\"inLanguage\":\"fr-FR\",\"@id\":\"https:\\\/\\\/www.uiscanada.com\\\/fr\\\/quest-ce-quun-rcic\\\/#primaryimage\",\"url\":\"https:\\\/\\\/www.uiscanada.com\\\/wp-content\\\/uploads\\\/2024\\\/08\\\/rcic.jfif\",\"contentUrl\":\"https:\\\/\\\/www.uiscanada.com\\\/wp-content\\\/uploads\\\/2024\\\/08\\\/rcic.jfif\",\"width\":2340,\"height\":1560},{\"@type\":\"BreadcrumbList\",\"@id\":\"https:\\\/\\\/www.uiscanada.com\\\/fr\\\/quest-ce-quun-rcic\\\/#breadcrumb\",\"itemListElement\":[{\"@type\":\"ListItem\",\"position\":1,\"name\":\"Home\",\"item\":\"https:\\\/\\\/www.uiscanada.com\\\/fr\\\/\"},{\"@type\":\"ListItem\",\"position\":2,\"name\":\"Qu&#8217;est-ce qu&#8217;un RCIC?\"}]},{\"@type\":\"WebSite\",\"@id\":\"https:\\\/\\\/www.uiscanada.com\\\/fr\\\/#website\",\"url\":\"https:\\\/\\\/www.uiscanada.com\\\/fr\\\/\",\"name\":\"UIS Canada\",\"description\":\"UIS Canada\",\"publisher\":{\"@id\":\"https:\\\/\\\/www.uiscanada.com\\\/fr\\\/#organization\"},\"potentialAction\":[{\"@type\":\"SearchAction\",\"target\":{\"@type\":\"EntryPoint\",\"urlTemplate\":\"https:\\\/\\\/www.uiscanada.com\\\/fr\\\/?s={search_term_string}\"},\"query-input\":{\"@type\":\"PropertyValueSpecification\",\"valueRequired\":true,\"valueName\":\"search_term_string\"}}],\"inLanguage\":\"fr-FR\"},{\"@type\":\"Organization\",\"@id\":\"https:\\\/\\\/www.uiscanada.com\\\/fr\\\/#organization\",\"name\":\"UIS Canada\",\"url\":\"https:\\\/\\\/www.uiscanada.com\\\/fr\\\/\",\"logo\":{\"@type\":\"ImageObject\",\"inLanguage\":\"fr-FR\",\"@id\":\"https:\\\/\\\/www.uiscanada.com\\\/fr\\\/#\\\/schema\\\/logo\\\/image\\\/\",\"url\":\"https:\\\/\\\/www.uiscanada.com\\\/wp-content\\\/uploads\\\/2024\\\/07\\\/logo.svg\",\"contentUrl\":\"https:\\\/\\\/www.uiscanada.com\\\/wp-content\\\/uploads\\\/2024\\\/07\\\/logo.svg\",\"caption\":\"UIS Canada\"},\"image\":{\"@id\":\"https:\\\/\\\/www.uiscanada.com\\\/fr\\\/#\\\/schema\\\/logo\\\/image\\\/\"}}]}<\/script>\n<!-- \/ Yoast SEO plugin. -->","yoast_head_json":{"title":"Qu'est-ce qu'un RCIC? - UIS Canada","robots":{"index":"index","follow":"follow","max-snippet":"max-snippet:-1","max-image-preview":"max-image-preview:large","max-video-preview":"max-video-preview:-1"},"canonical":"https:\/\/www.uiscanada.com\/fr\/quest-ce-quun-rcic\/","og_locale":"fr_FR","og_type":"article","og_title":"Qu'est-ce qu'un RCIC? - UIS Canada","og_description":"Un consultant en immigration canadienne r\u00e9glement\u00e9 (ou RCIC, pour faire court) est un expert de&nbsp;&hellip;","og_url":"https:\/\/www.uiscanada.com\/fr\/quest-ce-quun-rcic\/","og_site_name":"UIS Canada","article_modified_time":"2024-08-04T08:54:39+00:00","og_image":[{"width":2340,"height":1560,"url":"https:\/\/www.uiscanada.com\/wp-content\/uploads\/2024\/08\/rcic.jfif","type":"image\/jpeg"}],"twitter_card":"summary_large_image","twitter_misc":{"Dur\u00e9e de lecture estim\u00e9e":"3 minutes"},"schema":{"@context":"https:\/\/schema.org","@graph":[{"@type":"WebPage","@id":"https:\/\/www.uiscanada.com\/fr\/quest-ce-quun-rcic\/","url":"https:\/\/www.uiscanada.com\/fr\/quest-ce-quun-rcic\/","name":"Qu'est-ce qu'un RCIC? - UIS Canada","isPartOf":{"@id":"https:\/\/www.uiscanada.com\/fr\/#website"},"primaryImageOfPage":{"@id":"https:\/\/www.uiscanada.com\/fr\/quest-ce-quun-rcic\/#primaryimage"},"image":{"@id":"https:\/\/www.uiscanada.com\/fr\/quest-ce-quun-rcic\/#primaryimage"},"thumbnailUrl":"https:\/\/www.uiscanada.com\/wp-content\/uploads\/2024\/08\/rcic.jfif","datePublished":"2021-01-17T11:38:51+00:00","dateModified":"2024-08-04T08:54:39+00:00","breadcrumb":{"@id":"https:\/\/www.uiscanada.com\/fr\/quest-ce-quun-rcic\/#breadcrumb"},"inLanguage":"fr-FR","potentialAction":[{"@type":"ReadAction","target":["https:\/\/www.uiscanada.com\/fr\/quest-ce-quun-rcic\/"]}]},{"@type":"ImageObject","inLanguage":"fr-FR","@id":"https:\/\/www.uiscanada.com\/fr\/quest-ce-quun-rcic\/#primaryimage","url":"https:\/\/www.uiscanada.com\/wp-content\/uploads\/2024\/08\/rcic.jfif","contentUrl":"https:\/\/www.uiscanada.com\/wp-content\/uploads\/2024\/08\/rcic.jfif","width":2340,"height":1560},{"@type":"BreadcrumbList","@id":"https:\/\/www.uiscanada.com\/fr\/quest-ce-quun-rcic\/#breadcrumb","itemListElement":[{"@type":"ListItem","position":1,"name":"Home","item":"https:\/\/www.uiscanada.com\/fr\/"},{"@type":"ListItem","position":2,"name":"Qu&#8217;est-ce qu&#8217;un RCIC?"}]},{"@type":"WebSite","@id":"https:\/\/www.uiscanada.com\/fr\/#website","url":"https:\/\/www.uiscanada.com\/fr\/","name":"UIS Canada","description":"UIS Canada","publisher":{"@id":"https:\/\/www.uiscanada.com\/fr\/#organization"},"potentialAction":[{"@type":"SearchAction","target":{"@type":"EntryPoint","urlTemplate":"https:\/\/www.uiscanada.com\/fr\/?s={search_term_string}"},"query-input":{"@type":"PropertyValueSpecification","valueRequired":true,"valueName":"search_term_string"}}],"inLanguage":"fr-FR"},{"@type":"Organization","@id":"https:\/\/www.uiscanada.com\/fr\/#organization","name":"UIS Canada","url":"https:\/\/www.uiscanada.com\/fr\/","logo":{"@type":"ImageObject","inLanguage":"fr-FR","@id":"https:\/\/www.uiscanada.com\/fr\/#\/schema\/logo\/image\/","url":"https:\/\/www.uiscanada.com\/wp-content\/uploads\/2024\/07\/logo.svg","contentUrl":"https:\/\/www.uiscanada.com\/wp-content\/uploads\/2024\/07\/logo.svg","caption":"UIS Canada"},"image":{"@id":"https:\/\/www.uiscanada.com\/fr\/#\/schema\/logo\/image\/"}}]}},"_links":{"self":[{"href":"https:\/\/www.uiscanada.com\/fr\/wp-json\/wp\/v2\/pages\/1128","targetHints":{"allow":["GET"]}}],"collection":[{"href":"https:\/\/www.uiscanada.com\/fr\/wp-json\/wp\/v2\/pages"}],"about":[{"href":"https:\/\/www.uiscanada.com\/fr\/wp-json\/wp\/v2\/types\/page"}],"author":[{"embeddable":true,"href":"https:\/\/www.uiscanada.com\/fr\/wp-json\/wp\/v2\/users\/2"}],"replies":[{"embeddable":true,"href":"https:\/\/www.uiscanada.com\/fr\/wp-json\/wp\/v2\/comments?post=1128"}],"version-history":[{"count":17,"href":"https:\/\/www.uiscanada.com\/fr\/wp-json\/wp\/v2\/pages\/1128\/revisions"}],"predecessor-version":[{"id":89844,"href":"https:\/\/www.uiscanada.com\/fr\/wp-json\/wp\/v2\/pages\/1128\/revisions\/89844"}],"wp:featuredmedia":[{"embeddable":true,"href":"https:\/\/www.uiscanada.com\/fr\/wp-json\/wp\/v2\/media\/89673"}],"wp:attachment":[{"href":"https:\/\/www.uiscanada.com\/fr\/wp-json\/wp\/v2\/media?parent=1128"}],"curies":[{"name":"wp","href":"https:\/\/api.w.org\/{rel}","templated":true}]}}